{"id":345,"date":"2016-08-27T17:59:09","date_gmt":"2016-08-27T17:59:09","guid":{"rendered":"http:\/\/www.mipapeloriginal.com\/?page_id=345\/"},"modified":"2025-05-15T16:39:55","modified_gmt":"2025-05-15T16:39:55","slug":"home","status":"publish","type":"page","link":"http:\/\/www.mipapeloriginal.com\/pt-br\/","title":{"rendered":"Home"},"content":{"rendered":"<p>[vc_row][vc_column][vc_single_image image=&#8221;632&#8243; img_size=&#8221;full&#8221; alignment=&#8221;center&#8221; onclick=&#8221;custom_link&#8221; link=&#8221;\/productos\/&#8221;][\/vc_column][\/vc_row][vc_row][vc_column width=&#8221;2\/3&#8243;][vc_column_text]<\/p>\n<div class=\"column mcb-column mcb-item-jio9oqiee one-second column_column\">\n<div class=\"column_attr clearfix align_right mobile_align_center\">\n<p>Nosso sistema de qualidade \u00e9 certificado pela norma ISO 9001:2015 e pela norma FSC para a produ\u00e7\u00e3o de papel.<\/p>\n<\/div>\n<\/div>\n<div class=\"column mcb-column mcb-item-at6j45m85 one-fourth column_column\">\n<div class=\"column_attr clearfix align_right\"><\/div>\n<\/div>\n<p>[\/vc_column_text][\/vc_column][vc_column width=&#8221;1\/6&#8243;][vc_single_image image=&#8221;714&#8243;][\/vc_column][vc_column width=&#8221;1\/6&#8243;][vc_single_image image=&#8221;711&#8243;][\/vc_column][\/vc_row][vc_row][vc_column][vc_column_text]<\/p>\n<h2 style=\"color: #4c7f3a;\"><strong> Aplicativos <\/strong><\/h2>\n<p>Gravando <span style=\"color: #26ace2;\"> | <\/span> Impress\u00f5es <span style=\"color: #26ace2;\"> | <\/span> Impress\u00f5es lnk-jet e laser de alta e baixa velocidade <span style=\"color: #26ace2;\"> | <\/span> Offset <span style=\"color: #26ace2;\"> | <\/span> Formul\u00e1rios <span style=\"color: #26ace2;\"> | <\/span> Fotoduplica\u00e7\u00f5es <span style=\"color: #26ace2;\"> | <\/span> Livros <span style=\"color: #26ace2;\"> | <\/span> Revistas <span style=\"color: #26ace2;\"> | <\/span> Boletins informativos <span style=\"color: #26ace2;\"> | <\/span> Folhetos <span style=\"color: #26ace2;\"> | <\/span> Notebooks <span style=\"color: #26ace2;\"> | <\/span> Blocos de folhas <span style=\"color: #26ace2;\"> | <\/span> Editorial[\/vc_column_text][\/vc_column][\/vc_row]<\/p>\n","protected":false},"excerpt":{"rendered":"<p>[vc_row][vc_column][vc_single_image image=&#8221;632&#8243; img_size=&#8221;full&#8221; alignment=&#8221;center&#8221; onclick=&#8221;custom_link&#8221; link=&#8221;\/productos\/&#8221;][\/vc_column][\/vc_row][vc_row][vc_column width=&#8221;2\/3&#8243;][vc_column_text] Nosso sistema de qualidade \u00e9 certificado pela norma ISO 9001:2015 e pela norma FSC para a produ\u00e7\u00e3o de papel. [\/vc_column_text][\/vc_column][vc_column width=&#8221;1\/6&#8243;][vc_single_image image=&#8221;714&#8243;][\/vc_column][vc_column width=&#8221;1\/6&#8243;][vc_single_image image=&#8221;711&#8243;][\/vc_column][\/vc_row][vc_row][vc_column][vc_column_text] Aplicativos Gravando | Impress\u00f5es | Impress\u00f5es lnk-jet e laser de alta e baixa velocidade | Offset | Formul\u00e1rios | Fotoduplica\u00e7\u00f5es | Livros | Revistas [&hellip;]<\/p>\n","protected":false},"author":1,"featured_media":0,"parent":0,"menu_order":0,"comment_status":"closed","ping_status":"closed","template":"","meta":[],"_links":{"self":[{"href":"http:\/\/www.mipapeloriginal.com\/pt-br\/wp-json\/wp\/v2\/pages\/345\/"}],"collection":[{"href":"http:\/\/www.mipapeloriginal.com\/pt-br\/wp-json\/wp\/v2\/pages\/"}],"about":[{"href":"http:\/\/www.mipapeloriginal.com\/pt-br\/wp-json\/wp\/v2\/types\/page\/"}],"author":[{"embeddable":true,"href":"http:\/\/www.mipapeloriginal.com\/pt-br\/wp-json\/wp\/v2\/users\/1\/"}],"replies":[{"embeddable":true,"href":"http:\/\/www.mipapeloriginal.com\/pt-br\/wp-json\/wp\/v2\/comments\/?post=345"}],"version-history":[{"count":15,"href":"http:\/\/www.mipapeloriginal.com\/pt-br\/wp-json\/wp\/v2\/pages\/345\/revisions\/"}],"predecessor-version":[{"id":745,"href":"http:\/\/www.mipapeloriginal.com\/pt-br\/wp-json\/wp\/v2\/pages\/345\/revisions\/745\/"}],"wp:attachment":[{"href":"http:\/\/www.mipapeloriginal.com\/pt-br\/wp-json\/wp\/v2\/media\/?parent=345"}],"curies":[{"name":"wp","href":"https:\/\/api.w.org\/{rel}","templated":true}]}}