{"id":337,"date":"2017-05-22T19:13:27","date_gmt":"2017-05-22T19:13:27","guid":{"rendered":"http:\/\/www.mipapeloriginal.com\/contact\/"},"modified":"2023-06-05T16:51:38","modified_gmt":"2023-06-05T16:51:38","slug":"contato","status":"publish","type":"page","link":"http:\/\/www.mipapeloriginal.com\/pt-br\/contato\/","title":{"rendered":"Contato"},"content":{"rendered":"<p>[vc_row][vc_column width=&#8221;1\/3&#8243; css=&#8221;.vc_custom_1472552851408{margin-right: 0px !important;padding-right: 0px !important;}&#8221;][vc_gmaps link=&#8221;#E-8_JTNDaWZyYW1lJTIwc3JjJTNEJTIyaHR0cHMlM0ElMkYlMkZ3d3cuZ29vZ2xlLmNvbSUyRm1hcHMlMkZlbWJlZCUzRnBiJTNEJTIxMW01JTIxM20zJTIxMW0yJTIxMXMweDk1YmNiODliZDViMTA2MjMlMjUzQTB4ZTkxYWZkYzAyMzk4OTMxMCUyMTJzRHIuJTJCUmljYXJkbyUyQkJhbGIlMjVDMyUyNUFEbiUyQjUzNyUyNTJDJTJCSGFlZG8lMjUyQyUyQkJ1ZW5vcyUyQkFpcmVzJTIxNWUwJTIxM20yJTIxMXNlcyUyMTJzYXIlMjE0djEzOTAxNjUwNDYzNTMlMjIlMjB3aWR0aCUzRCUyMjYwMCUyMiUyMGhlaWdodCUzRCUyMjIwMCUyMiUyMGZyYW1lYm9yZGVyJTNEJTIyMCUyMiUyMHN0eWxlJTNEJTIyYm9yZGVyJTNBMCUyMiUyMGFsbG93ZnVsbHNjcmVlbiUzRSUzQyUyRmlmcmFtZSUzRQ==&#8221; css=&#8221;.vc_custom_1475503001372{margin-right: 0px !important;border-right-width: 0px !important;padding-right: 0px !important;}&#8221;][\/vc_column][vc_column width=&#8221;2\/3&#8243;][vc_column_text]Nossa f\u00e1brica est\u00e1 localizada estrategicamente apenas a 500m da Rodovia do Oeste (Sa\u00edda Derqui), na Avenida R. Balbin N\u00b0 537, no Bairro Haedo. Dessa maneira, fornecemos um f\u00e1cil acesso \u00e0 Cidade Aut\u00f4noma de Buenos Aires e para os principais parques industriais da Grande Buenos Aires e do Pa\u00eds.<\/p>\n<p><strong>Pedidos:<\/strong>\u00a0 <a href=\"mailto:pedidos@original.com\">pedidos@mipapeloriginal.com<\/a><br \/>\n<strong>Informa\u00e7\u00f5es:\u00a0\u00a0<a href=\"mailto:info@original.com\">info@mipapeloriginal.com<\/a><\/strong><br \/>\n<strong>Consultas:\u00a0\u00a0+54 \u2013 11 \u2013 4629 \u2013 1100<\/strong>[\/vc_column_text][\/vc_column][\/vc_row]<\/p>\n<div role=\"form\" class=\"wpcf7\" id=\"wpcf7-f386-o1\" lang=\"en-US\" dir=\"ltr\">\n<div class=\"screen-reader-response\"><p role=\"status\" aria-live=\"polite\" aria-atomic=\"true\"><\/p> <ul><\/ul><\/div>\n<form action=\"\/pt-br\/wp-json\/wp\/v2\/pages\/337\/#wpcf7-f386-o1\" method=\"post\" class=\"wpcf7-form init\" novalidate=\"novalidate\" data-status=\"init\">\n<div style=\"display: none;\">\n<input type=\"hidden\" name=\"_wpcf7\" value=\"386\" \/>\n<input type=\"hidden\" name=\"_wpcf7_version\" value=\"5.3\" \/>\n<input type=\"hidden\" name=\"_wpcf7_locale\" value=\"en_US\" \/>\n<input type=\"hidden\" name=\"_wpcf7_unit_tag\" value=\"wpcf7-f386-o1\" \/>\n<input type=\"hidden\" name=\"_wpcf7_container_post\" value=\"0\" \/>\n<input type=\"hidden\" name=\"_wpcf7_posted_data_hash\" value=\"\" \/>\n<\/div>\n<p>Nome (*) <br \/>\n    <span class=\"wpcf7-form-control-wrap your-nombre\"><input type=\"text\" name=\"your-nombre\" value=\"\" size=\"40\" class=\"wpcf7-form-control wpcf7-text wpcf7-validates-as-required\" aria-required=\"true\" aria-invalid=\"false\" \/><\/span> <\/p>\n<p>Companhia (*) <br \/>\n    <span class=\"wpcf7-form-control-wrap your-empresa\"><input type=\"text\" name=\"your-empresa\" value=\"\" size=\"40\" class=\"wpcf7-form-control wpcf7-text wpcf7-validates-as-required\" aria-required=\"true\" aria-invalid=\"false\" \/><\/span> <\/p>\n<p>E-mail (*) <br \/>\n    <span class=\"wpcf7-form-control-wrap your-email\"><input type=\"text\" name=\"your-email\" value=\"\" size=\"40\" class=\"wpcf7-form-control wpcf7-text wpcf7-validates-as-required\" aria-required=\"true\" aria-invalid=\"false\" \/><\/span> <\/p>\n<p>Assunto <br \/>\n    <span class=\"wpcf7-form-control-wrap your-consulta\"><input type=\"text\" name=\"your-consulta\" value=\"\" size=\"40\" class=\"wpcf7-form-control wpcf7-text\" aria-invalid=\"false\" \/><\/span> <\/p>\n<p>Message <br \/>\n    <span class=\"wpcf7-form-control-wrap your-mensaje\"><textarea name=\"your-mensaje\" cols=\"40\" rows=\"10\" class=\"wpcf7-form-control wpcf7-textarea\" aria-invalid=\"false\"><\/textarea><\/span> <\/p>\n<p><input type=\"submit\" value=\"Enviar\" class=\"wpcf7-form-control wpcf7-submit\" \/><\/p>\n<div class=\"wpcf7-response-output\" aria-hidden=\"true\"><\/div><\/form><\/div>\n","protected":false},"excerpt":{"rendered":"<p>[vc_row][vc_column width=&#8221;1\/3&#8243; css=&#8221;.vc_custom_1472552851408{margin-right: 0px !important;padding-right: 0px !important;}&#8221;][vc_gmaps link=&#8221;#E-8_JTNDaWZyYW1lJTIwc3JjJTNEJTIyaHR0cHMlM0ElMkYlMkZ3d3cuZ29vZ2xlLmNvbSUyRm1hcHMlMkZlbWJlZCUzRnBiJTNEJTIxMW01JTIxM20zJTIxMW0yJTIxMXMweDk1YmNiODliZDViMTA2MjMlMjUzQTB4ZTkxYWZkYzAyMzk4OTMxMCUyMTJzRHIuJTJCUmljYXJkbyUyQkJhbGIlMjVDMyUyNUFEbiUyQjUzNyUyNTJDJTJCSGFlZG8lMjUyQyUyQkJ1ZW5vcyUyQkFpcmVzJTIxNWUwJTIxM20yJTIxMXNlcyUyMTJzYXIlMjE0djEzOTAxNjUwNDYzNTMlMjIlMjB3aWR0aCUzRCUyMjYwMCUyMiUyMGhlaWdodCUzRCUyMjIwMCUyMiUyMGZyYW1lYm9yZGVyJTNEJTIyMCUyMiUyMHN0eWxlJTNEJTIyYm9yZGVyJTNBMCUyMiUyMGFsbG93ZnVsbHNjcmVlbiUzRSUzQyUyRmlmcmFtZSUzRQ==&#8221; css=&#8221;.vc_custom_1475503001372{margin-right: 0px !important;border-right-width: 0px !important;padding-right: 0px !important;}&#8221;][\/vc_column][vc_column width=&#8221;2\/3&#8243;][vc_column_text]Nossa f\u00e1brica est\u00e1 localizada estrategicamente apenas a 500m da Rodovia do Oeste (Sa\u00edda Derqui), na Avenida R. Balbin N\u00b0 537, no Bairro Haedo. Dessa maneira, fornecemos um f\u00e1cil acesso \u00e0 Cidade Aut\u00f4noma de Buenos Aires e para os principais parques [&hellip;]<\/p>\n","protected":false},"author":1,"featured_media":0,"parent":0,"menu_order":0,"comment_status":"closed","ping_status":"closed","template":"","meta":[],"_links":{"self":[{"href":"http:\/\/www.mipapeloriginal.com\/pt-br\/wp-json\/wp\/v2\/pages\/337\/"}],"collection":[{"href":"http:\/\/www.mipapeloriginal.com\/pt-br\/wp-json\/wp\/v2\/pages\/"}],"about":[{"href":"http:\/\/www.mipapeloriginal.com\/pt-br\/wp-json\/wp\/v2\/types\/page\/"}],"author":[{"embeddable":true,"href":"http:\/\/www.mipapeloriginal.com\/pt-br\/wp-json\/wp\/v2\/users\/1\/"}],"replies":[{"embeddable":true,"href":"http:\/\/www.mipapeloriginal.com\/pt-br\/wp-json\/wp\/v2\/comments\/?post=337"}],"version-history":[{"count":4,"href":"http:\/\/www.mipapeloriginal.com\/pt-br\/wp-json\/wp\/v2\/pages\/337\/revisions\/"}],"predecessor-version":[{"id":338,"href":"http:\/\/www.mipapeloriginal.com\/pt-br\/wp-json\/wp\/v2\/pages\/337\/revisions\/338\/"}],"wp:attachment":[{"href":"http:\/\/www.mipapeloriginal.com\/pt-br\/wp-json\/wp\/v2\/media\/?parent=337"}],"curies":[{"name":"wp","href":"https:\/\/api.w.org\/{rel}","templated":true}]}}